{"id":36,"date":"2025-09-14T17:09:50","date_gmt":"2025-09-14T16:09:50","guid":{"rendered":"https:\/\/kadiandbabies.com\/?page_id=36"},"modified":"2025-09-14T17:09:52","modified_gmt":"2025-09-14T16:09:52","slug":"kadi-ja-beebid","status":"publish","type":"page","link":"https:\/\/kadiandbabies.com\/index.php\/et\/","title":{"rendered":"Kadi ja Beebid"},"content":{"rendered":"\n<figure class=\"wp-block-image size-large\"><img loading=\"lazy\" decoding=\"async\" width=\"1024\" height=\"917\" src=\"https:\/\/kadiandbabies.com\/wp-content\/uploads\/2025\/09\/kjab-home-banner-1024x917.jpg\" alt=\"Kadi ja Beebid\" class=\"wp-image-37\" srcset=\"https:\/\/kadiandbabies.com\/wp-content\/uploads\/2025\/09\/kjab-home-banner-1024x917.jpg 1024w, https:\/\/kadiandbabies.com\/wp-content\/uploads\/2025\/09\/kjab-home-banner-300x269.jpg 300w, https:\/\/kadiandbabies.com\/wp-content\/uploads\/2025\/09\/kjab-home-banner-768x688.jpg 768w, https:\/\/kadiandbabies.com\/wp-content\/uploads\/2025\/09\/kjab-home-banner.jpg 1332w\" sizes=\"auto, (max-width: 1024px) 100vw, 1024px\" \/><\/figure>\n\n\n<ul class=\"wp-block-latest-posts__list wp-block-latest-posts\"><li><a class=\"wp-block-latest-posts__post-title\" href=\"https:\/\/kadiandbabies.com\/index.php\/et\/2023\/11\/23\/ekraanisoltlastest-lapsevanemad\/\">Ekraanis\u00f5ltlastest lapsevanemad<\/a><\/li>\n<li><a class=\"wp-block-latest-posts__post-title\" href=\"https:\/\/kadiandbabies.com\/index.php\/2023\/11\/16\/parents-of-screen-addicts\/\">Parents of screen addicts<\/a><\/li>\n<li><a class=\"wp-block-latest-posts__post-title\" href=\"https:\/\/kadiandbabies.com\/index.php\/et\/2023\/08\/07\/beebimassaaz\/\">Beebimassaa\u017e<\/a><\/li>\n<li><a class=\"wp-block-latest-posts__post-title\" href=\"https:\/\/kadiandbabies.com\/index.php\/2023\/08\/07\/baby-massage\/\">Baby massage<\/a><\/li>\n<li><a class=\"wp-block-latest-posts__post-title\" href=\"https:\/\/kadiandbabies.com\/index.php\/et\/2023\/03\/10\/ekraanisoltuvus-ja-selle-tagajarjed-beebide-ning-vaikelaste-seas\/\">Ekraanis\u00f5ltuvus ja selle tagaj\u00e4rjed beebide ning v\u00e4ikelaste seas<\/a><\/li>\n<\/ul>","protected":false},"excerpt":{"rendered":"","protected":false},"author":2,"featured_media":0,"parent":0,"menu_order":0,"comment_status":"closed","ping_status":"closed","template":"","meta":{"footnotes":""},"class_list":["post-36","page","type-page","status-publish","hentry"],"_links":{"self":[{"href":"https:\/\/kadiandbabies.com\/index.php\/wp-json\/wp\/v2\/pages\/36","targetHints":{"allow":["GET"]}}],"collection":[{"href":"https:\/\/kadiandbabies.com\/index.php\/wp-json\/wp\/v2\/pages"}],"about":[{"href":"https:\/\/kadiandbabies.com\/index.php\/wp-json\/wp\/v2\/types\/page"}],"author":[{"embeddable":true,"href":"https:\/\/kadiandbabies.com\/index.php\/wp-json\/wp\/v2\/users\/2"}],"replies":[{"embeddable":true,"href":"https:\/\/kadiandbabies.com\/index.php\/wp-json\/wp\/v2\/comments?post=36"}],"version-history":[{"count":2,"href":"https:\/\/kadiandbabies.com\/index.php\/wp-json\/wp\/v2\/pages\/36\/revisions"}],"predecessor-version":[{"id":55,"href":"https:\/\/kadiandbabies.com\/index.php\/wp-json\/wp\/v2\/pages\/36\/revisions\/55"}],"wp:attachment":[{"href":"https:\/\/kadiandbabies.com\/index.php\/wp-json\/wp\/v2\/media?parent=36"}],"curies":[{"name":"wp","href":"https:\/\/api.w.org\/{rel}","templated":true}]}}